{"id":10620,"date":"2018-04-16T15:56:47","date_gmt":"2018-04-16T13:56:47","guid":{"rendered":"https:\/\/2020.eckankar.ch\/quest-ce-que-eckankar\/"},"modified":"2026-03-31T17:46:12","modified_gmt":"2026-03-31T15:46:12","slug":"quest-ce-que-eckankar","status":"publish","type":"page","link":"https:\/\/testenv.eckankar.ch\/fr\/quest-ce-que-eckankar\/","title":{"rendered":"Qu&rsquo;est-ce que Eckankar ?"},"content":{"rendered":"\n\n\t<h3>Eckankar &#8211; l&rsquo;organisation spirituelle<\/h3>\n<p>&nbsp;<\/p>\n<p><img loading=\"lazy\" decoding=\"async\" src=\"https:\/\/testenv.eckankar.ch\/wp-content\/uploads\/2026\/03\/Temple_12_color_LO.jpg\" alt=\"\" width=\"500\" height=\"352\"\/><\/p>\n<p>Eckankar (qui signifie \u00ab\u00a0collaborateur de Dieu\u00a0\u00bb) est une organisation spirituelle \u00e0 but non lucratif dont le si\u00e8ge principal se trouve aux \u00c9tats-Unis. EElle reconnue par la loi en tant qu&rsquo;institution religieuse aux \u00c9tats-Unis et dans plus de 40 autres pays, et compte des membres dans plus de 120 pays.  Eckankar n&rsquo;est affili\u00e9 \u00e0 aucun autre groupe religieux.<\/p>\n<p>Le foyer spirituel d&rsquo;Eckankar est le temple ECK \u00e0 Chanhassen, Minnesota (\u00c9tats-Unis).<\/p>\n<p>Actuellement, Sri Doug Kunin est le responsable spirituel de l&rsquo;organisation. Son titre est \u00ab le Mahanta, le Ma\u00eetre ECK vivant \u00bb. Il a \u00e9t\u00e9 pr\u00e9sent\u00e9 par son pr\u00e9d\u00e9cesseur, Harold Klemp, en octobre 2025. Eckankar a \u00e9t\u00e9 fond\u00e9 en 1965 par Paul Twitchell.   <\/p>\n\t<p>&nbsp;<\/p>\n<h3>Eckankar &#8211; la voie de la libert\u00e9 spirituelle<\/h3>\n<p>&nbsp;<\/p>\n<p><img loading=\"lazy\" decoding=\"async\" src=\"https:\/\/testenv.eckankar.ch\/wp-content\/uploads\/2026\/03\/soul_travel_09_color_LO.jpg\" alt=\"\" width=\"500\" height=\"327\"\/><\/p>\n<p>Eckankar enseigne que nous sommes \u00c2me et que nous avons un corps, et non l&rsquo;inverse. L&rsquo;\u00c2me est dans ce monde pour trouver l&rsquo;amour divin et le transmettre sans aucune condition attach\u00e9e. La libert\u00e9 spirituelle est un principe central des enseignements. Eckankar offre d&rsquo;innombrables possibilit\u00e9s d&rsquo;explorer sa propre relation, unique et naturelle, avec le Divin et d&rsquo;exp\u00e9rimenter la guidance divine dans la vie quotidienne, par exemple \u00e0 travers des exercices spirituels et une \u00e9tude spirituelle individuelle. Chacun peut explorer activement les mondes spirituels par le biais des voyages de l&rsquo;\u00c2me, des r\u00eaves et d&rsquo;autres techniques spirituelles.   <\/p>\n<p>Une pratique spirituelle essentielle consiste \u00e0 chanter avec amour \u00ab\u00a0HU\u00a0\u00bb, un mantra ancien qui permet de se connecter au divin. Cela peut conduire \u00e0 l&rsquo;exp\u00e9rience de la Lumi\u00e8re et du Son de Dieu et de la pr\u00e9sence de l&rsquo;Esprit Saint. <\/p>\n\t<p><strong>VIDEO<\/strong><\/p>\n<h2><strong>D\u00c9COUVRIR ECKANKAR<\/strong><\/h2>\nPour obtenir des sous-titres en fran\u00e7ais, veuillez cliquer sur la roue des param\u00e8tres en bas \u00e0 droite et ensuite s\u00e9lectionner\u00a0:<br \/>\nsous-titres\/anglais g\u00e9n\u00e9r\u00e9s automatiquement\/sous-titres\/traduire automatiquement\/s\u00e9lectionner le fran\u00e7ais ou la langue de votre choix.\n\t<iframe loading=\"lazy\" width=\"600\" height=\"337\"\n    src=\"https:\/\/www.youtube.com\/embed\/s78XVcM7HWI\"\n    title=\"YouTube video player\"\n    frameborder=\"0\"\n    allow=\"accelerometer; autoplay; clipboard-write; encrypted-media; gyroscope; picture-in-picture; web-share\"\n    allowfullscreen>\n<\/iframe>\n\n","protected":false},"excerpt":{"rendered":"<p>Eckankar &#8211; l&rsquo;organisation spirituelle &nbsp; Eckankar (qui signifie \u00ab\u00a0collaborateur de Dieu\u00a0\u00bb) est une organisation spirituelle \u00e0 but non lucratif dont le si\u00e8ge principal se trouve aux \u00c9tats-Unis. EElle reconnue par la loi en tant qu&rsquo;institution religieuse aux \u00c9tats-Unis et dans plus de 40 autres pays, et compte des membres dans plus de 120 pays. Eckankar&hellip;<\/p>\n","protected":false},"author":9,"featured_media":0,"parent":0,"menu_order":0,"comment_status":"closed","ping_status":"closed","template":"","meta":{"_lmt_disableupdate":"","_lmt_disable":"","footnotes":""},"class_list":["post-10620","page","type-page","status-publish","hentry"],"yoast_head":"<!-- This site is optimized with the Yoast SEO plugin v27.4 - https:\/\/yoast.com\/product\/yoast-seo-wordpress\/ -->\n<title>Qu&#039;est-ce que Eckankar ? - Eckankar in Switzerland<\/title>\n<meta name=\"robots\" content=\"index, follow, max-snippet:-1, max-image-preview:large, max-video-preview:-1\" \/>\n<link rel=\"canonical\" href=\"https:\/\/testenv.eckankar.ch\/fr\/quest-ce-que-eckankar\/\" \/>\n<meta property=\"og:locale\" content=\"fr_FR\" \/>\n<meta property=\"og:type\" content=\"article\" \/>\n<meta property=\"og:title\" content=\"Qu&#039;est-ce que Eckankar ? - Eckankar in Switzerland\" \/>\n<meta property=\"og:description\" content=\"Eckankar &#8211; l&rsquo;organisation spirituelle &nbsp; Eckankar (qui signifie \u00ab\u00a0collaborateur de Dieu\u00a0\u00bb) est une organisation spirituelle \u00e0 but non lucratif dont le si\u00e8ge principal se trouve aux \u00c9tats-Unis. EElle reconnue par la loi en tant qu&rsquo;institution religieuse aux \u00c9tats-Unis et dans plus de 40 autres pays, et compte des membres dans plus de 120 pays. Eckankar&hellip;\" \/>\n<meta property=\"og:url\" content=\"https:\/\/testenv.eckankar.ch\/fr\/quest-ce-que-eckankar\/\" \/>\n<meta property=\"og:site_name\" content=\"Eckankar in Switzerland\" \/>\n<meta property=\"article:modified_time\" content=\"2026-03-31T15:46:12+00:00\" \/>\n<meta property=\"og:image\" content=\"https:\/\/testenv.eckankar.ch\/wp-content\/uploads\/2026\/03\/Temple_12_color_LO.jpg\" \/>\n<meta name=\"twitter:card\" content=\"summary_large_image\" \/>\n<meta name=\"twitter:label1\" content=\"Dur\u00e9e de lecture estim\u00e9e\" \/>\n\t<meta name=\"twitter:data1\" content=\"2 minutes\" \/>\n<script type=\"application\/ld+json\" class=\"yoast-schema-graph\">{\"@context\":\"https:\\\/\\\/schema.org\",\"@graph\":[{\"@type\":\"WebPage\",\"@id\":\"https:\\\/\\\/testenv.eckankar.ch\\\/fr\\\/quest-ce-que-eckankar\\\/\",\"url\":\"https:\\\/\\\/testenv.eckankar.ch\\\/fr\\\/quest-ce-que-eckankar\\\/\",\"name\":\"Qu'est-ce que Eckankar ? - Eckankar in Switzerland\",\"isPartOf\":{\"@id\":\"https:\\\/\\\/testenv.eckankar.ch\\\/fr\\\/#website\"},\"primaryImageOfPage\":{\"@id\":\"https:\\\/\\\/testenv.eckankar.ch\\\/fr\\\/quest-ce-que-eckankar\\\/#primaryimage\"},\"image\":{\"@id\":\"https:\\\/\\\/testenv.eckankar.ch\\\/fr\\\/quest-ce-que-eckankar\\\/#primaryimage\"},\"thumbnailUrl\":\"https:\\\/\\\/testenv.eckankar.ch\\\/wp-content\\\/uploads\\\/2026\\\/03\\\/Temple_12_color_LO.jpg\",\"datePublished\":\"2018-04-16T13:56:47+00:00\",\"dateModified\":\"2026-03-31T15:46:12+00:00\",\"breadcrumb\":{\"@id\":\"https:\\\/\\\/testenv.eckankar.ch\\\/fr\\\/quest-ce-que-eckankar\\\/#breadcrumb\"},\"inLanguage\":\"fr-FR\",\"potentialAction\":[{\"@type\":\"ReadAction\",\"target\":[\"https:\\\/\\\/testenv.eckankar.ch\\\/fr\\\/quest-ce-que-eckankar\\\/\"]}]},{\"@type\":\"ImageObject\",\"inLanguage\":\"fr-FR\",\"@id\":\"https:\\\/\\\/testenv.eckankar.ch\\\/fr\\\/quest-ce-que-eckankar\\\/#primaryimage\",\"url\":\"https:\\\/\\\/testenv.eckankar.ch\\\/wp-content\\\/uploads\\\/2026\\\/03\\\/Temple_12_color_LO.jpg\",\"contentUrl\":\"https:\\\/\\\/testenv.eckankar.ch\\\/wp-content\\\/uploads\\\/2026\\\/03\\\/Temple_12_color_LO.jpg\"},{\"@type\":\"BreadcrumbList\",\"@id\":\"https:\\\/\\\/testenv.eckankar.ch\\\/fr\\\/quest-ce-que-eckankar\\\/#breadcrumb\",\"itemListElement\":[{\"@type\":\"ListItem\",\"position\":1,\"name\":\"Home\",\"item\":\"https:\\\/\\\/testenv.eckankar.ch\\\/fr\\\/\"},{\"@type\":\"ListItem\",\"position\":2,\"name\":\"Qu&rsquo;est-ce que Eckankar ?\"}]},{\"@type\":\"WebSite\",\"@id\":\"https:\\\/\\\/testenv.eckankar.ch\\\/fr\\\/#website\",\"url\":\"https:\\\/\\\/testenv.eckankar.ch\\\/fr\\\/\",\"name\":\"Eckankar in Switzerland\",\"description\":\"The path of Spiritual Freedom\",\"publisher\":{\"@id\":\"https:\\\/\\\/testenv.eckankar.ch\\\/fr\\\/#organization\"},\"potentialAction\":[{\"@type\":\"SearchAction\",\"target\":{\"@type\":\"EntryPoint\",\"urlTemplate\":\"https:\\\/\\\/testenv.eckankar.ch\\\/fr\\\/?s={search_term_string}\"},\"query-input\":{\"@type\":\"PropertyValueSpecification\",\"valueRequired\":true,\"valueName\":\"search_term_string\"}}],\"inLanguage\":\"fr-FR\"},{\"@type\":\"Organization\",\"@id\":\"https:\\\/\\\/testenv.eckankar.ch\\\/fr\\\/#organization\",\"name\":\"Eckankar\",\"url\":\"https:\\\/\\\/testenv.eckankar.ch\\\/fr\\\/\",\"logo\":{\"@type\":\"ImageObject\",\"inLanguage\":\"fr-FR\",\"@id\":\"https:\\\/\\\/testenv.eckankar.ch\\\/fr\\\/#\\\/schema\\\/logo\\\/image\\\/\",\"url\":\"https:\\\/\\\/testenv.eckankar.ch\\\/wp-content\\\/uploads\\\/2018\\\/05\\\/logo_en.png\",\"contentUrl\":\"https:\\\/\\\/testenv.eckankar.ch\\\/wp-content\\\/uploads\\\/2018\\\/05\\\/logo_en.png\",\"width\":288,\"height\":100,\"caption\":\"Eckankar\"},\"image\":{\"@id\":\"https:\\\/\\\/testenv.eckankar.ch\\\/fr\\\/#\\\/schema\\\/logo\\\/image\\\/\"}}]}<\/script>\n<!-- \/ Yoast SEO plugin. -->","yoast_head_json":{"title":"Qu'est-ce que Eckankar ? - Eckankar in Switzerland","robots":{"index":"index","follow":"follow","max-snippet":"max-snippet:-1","max-image-preview":"max-image-preview:large","max-video-preview":"max-video-preview:-1"},"canonical":"https:\/\/testenv.eckankar.ch\/fr\/quest-ce-que-eckankar\/","og_locale":"fr_FR","og_type":"article","og_title":"Qu'est-ce que Eckankar ? - Eckankar in Switzerland","og_description":"Eckankar &#8211; l&rsquo;organisation spirituelle &nbsp; Eckankar (qui signifie \u00ab\u00a0collaborateur de Dieu\u00a0\u00bb) est une organisation spirituelle \u00e0 but non lucratif dont le si\u00e8ge principal se trouve aux \u00c9tats-Unis. EElle reconnue par la loi en tant qu&rsquo;institution religieuse aux \u00c9tats-Unis et dans plus de 40 autres pays, et compte des membres dans plus de 120 pays. Eckankar&hellip;","og_url":"https:\/\/testenv.eckankar.ch\/fr\/quest-ce-que-eckankar\/","og_site_name":"Eckankar in Switzerland","article_modified_time":"2026-03-31T15:46:12+00:00","og_image":[{"url":"https:\/\/testenv.eckankar.ch\/wp-content\/uploads\/2026\/03\/Temple_12_color_LO.jpg","type":"","width":"","height":""}],"twitter_card":"summary_large_image","twitter_misc":{"Dur\u00e9e de lecture estim\u00e9e":"2 minutes"},"schema":{"@context":"https:\/\/schema.org","@graph":[{"@type":"WebPage","@id":"https:\/\/testenv.eckankar.ch\/fr\/quest-ce-que-eckankar\/","url":"https:\/\/testenv.eckankar.ch\/fr\/quest-ce-que-eckankar\/","name":"Qu'est-ce que Eckankar ? - Eckankar in Switzerland","isPartOf":{"@id":"https:\/\/testenv.eckankar.ch\/fr\/#website"},"primaryImageOfPage":{"@id":"https:\/\/testenv.eckankar.ch\/fr\/quest-ce-que-eckankar\/#primaryimage"},"image":{"@id":"https:\/\/testenv.eckankar.ch\/fr\/quest-ce-que-eckankar\/#primaryimage"},"thumbnailUrl":"https:\/\/testenv.eckankar.ch\/wp-content\/uploads\/2026\/03\/Temple_12_color_LO.jpg","datePublished":"2018-04-16T13:56:47+00:00","dateModified":"2026-03-31T15:46:12+00:00","breadcrumb":{"@id":"https:\/\/testenv.eckankar.ch\/fr\/quest-ce-que-eckankar\/#breadcrumb"},"inLanguage":"fr-FR","potentialAction":[{"@type":"ReadAction","target":["https:\/\/testenv.eckankar.ch\/fr\/quest-ce-que-eckankar\/"]}]},{"@type":"ImageObject","inLanguage":"fr-FR","@id":"https:\/\/testenv.eckankar.ch\/fr\/quest-ce-que-eckankar\/#primaryimage","url":"https:\/\/testenv.eckankar.ch\/wp-content\/uploads\/2026\/03\/Temple_12_color_LO.jpg","contentUrl":"https:\/\/testenv.eckankar.ch\/wp-content\/uploads\/2026\/03\/Temple_12_color_LO.jpg"},{"@type":"BreadcrumbList","@id":"https:\/\/testenv.eckankar.ch\/fr\/quest-ce-que-eckankar\/#breadcrumb","itemListElement":[{"@type":"ListItem","position":1,"name":"Home","item":"https:\/\/testenv.eckankar.ch\/fr\/"},{"@type":"ListItem","position":2,"name":"Qu&rsquo;est-ce que Eckankar ?"}]},{"@type":"WebSite","@id":"https:\/\/testenv.eckankar.ch\/fr\/#website","url":"https:\/\/testenv.eckankar.ch\/fr\/","name":"Eckankar in Switzerland","description":"The path of Spiritual Freedom","publisher":{"@id":"https:\/\/testenv.eckankar.ch\/fr\/#organization"},"potentialAction":[{"@type":"SearchAction","target":{"@type":"EntryPoint","urlTemplate":"https:\/\/testenv.eckankar.ch\/fr\/?s={search_term_string}"},"query-input":{"@type":"PropertyValueSpecification","valueRequired":true,"valueName":"search_term_string"}}],"inLanguage":"fr-FR"},{"@type":"Organization","@id":"https:\/\/testenv.eckankar.ch\/fr\/#organization","name":"Eckankar","url":"https:\/\/testenv.eckankar.ch\/fr\/","logo":{"@type":"ImageObject","inLanguage":"fr-FR","@id":"https:\/\/testenv.eckankar.ch\/fr\/#\/schema\/logo\/image\/","url":"https:\/\/testenv.eckankar.ch\/wp-content\/uploads\/2018\/05\/logo_en.png","contentUrl":"https:\/\/testenv.eckankar.ch\/wp-content\/uploads\/2018\/05\/logo_en.png","width":288,"height":100,"caption":"Eckankar"},"image":{"@id":"https:\/\/testenv.eckankar.ch\/fr\/#\/schema\/logo\/image\/"}}]}},"_links":{"self":[{"href":"https:\/\/testenv.eckankar.ch\/fr\/wp-json\/wp\/v2\/pages\/10620","targetHints":{"allow":["GET"]}}],"collection":[{"href":"https:\/\/testenv.eckankar.ch\/fr\/wp-json\/wp\/v2\/pages"}],"about":[{"href":"https:\/\/testenv.eckankar.ch\/fr\/wp-json\/wp\/v2\/types\/page"}],"author":[{"embeddable":true,"href":"https:\/\/testenv.eckankar.ch\/fr\/wp-json\/wp\/v2\/users\/9"}],"replies":[{"embeddable":true,"href":"https:\/\/testenv.eckankar.ch\/fr\/wp-json\/wp\/v2\/comments?post=10620"}],"version-history":[{"count":8,"href":"https:\/\/testenv.eckankar.ch\/fr\/wp-json\/wp\/v2\/pages\/10620\/revisions"}],"predecessor-version":[{"id":12165,"href":"https:\/\/testenv.eckankar.ch\/fr\/wp-json\/wp\/v2\/pages\/10620\/revisions\/12165"}],"wp:attachment":[{"href":"https:\/\/testenv.eckankar.ch\/fr\/wp-json\/wp\/v2\/media?parent=10620"}],"curies":[{"name":"wp","href":"https:\/\/api.w.org\/{rel}","templated":true}]}}