{"id":10625,"date":"2023-10-04T08:36:12","date_gmt":"2023-10-04T06:36:12","guid":{"rendered":"https:\/\/2020.eckankar.ch\/types-devenements\/"},"modified":"2026-03-24T15:41:31","modified_gmt":"2026-03-24T14:41:31","slug":"types-devenements","status":"publish","type":"page","link":"https:\/\/testenv.eckankar.ch\/fr\/types-devenements\/","title":{"rendered":"Types d&rsquo;\u00e9v\u00e9nements"},"content":{"rendered":"\n\n\t<h3><img loading=\"lazy\" decoding=\"async\" src=\"https:\/\/testenv.eckankar.ch\/wp-content\/uploads\/2024\/05\/HU-Icon_small-300x293.jpg\" alt=\"\" width=\"432\" height=\"422\" \/>Le Son de l&rsquo;\u00c2me<\/h3>\n<p>&nbsp;<\/p>\n<p>Vous \u00eates invit\u00e9 \u00e0 faire l&rsquo;exp\u00e9rience du pouvoir transformateur de HU.<\/p>\n<p>HU est un mantra sacr\u00e9 &#8211; le son derri\u00e8re tous les sons. HU est un nom ancien pour Dieu et un vecteur d&rsquo;amour entre Dieu et vous en tant qu&rsquo;\u00c2me.<\/p>\n<p>Chanter HU peut vous apporter la gu\u00e9rison du corps et de l&rsquo;esprit et en tant qu&rsquo;\u00c2me, vous \u00e9lever \u00e0 des \u00e9tats sup\u00e9rieurs d&rsquo;amour, de sagesse et de conscience.<\/p>\n<p>Durant cet \u00e9v\u00e9nement, vous chanterez avec d&rsquo;autres ce mantra ancien pendant environ une dizaine de minutes, suivies d&rsquo;une courte contemplation silencieuse.<\/p>\n<p>Ensuite, vous aurez l&rsquo;occasion d&rsquo;avoir des conversations spirituelles avec des personnes partageant les m\u00eames int\u00e9r\u00eats.<\/p>\n<p>&nbsp;<\/p>\n\t<h3><img loading=\"lazy\" decoding=\"async\" src=\"https:\/\/testenv.eckankar.ch\/wp-content\/uploads\/2024\/05\/handstrahl_de-300x300.png\" alt=\"\" width=\"478\" height=\"478\" \/>Office ECK de la Lumi\u00e8re et du Son<\/h3>\n<p>&nbsp;<\/p>\n<p>Les personnes de toutes croyances et convictions sont les bienvenues \u00e0 l&rsquo;office ECK de la Lumi\u00e8re et du Son. Vous pouvez vous attendre \u00e0 faire, d&rsquo;une mani\u00e8re ou d&rsquo;une autre, une nouvelle exp\u00e9rience de l&rsquo;amour de Dieu !<\/p>\n<p>&nbsp;<\/p>\n<p>Les offfices ECK durent environ une heure et peuvent inclure des \u00e9l\u00e9ments tels qu&rsquo;une causerie, des prestations de musique l\u00e9g\u00e8re, des tables rondes et des \u00e9changes en petits groupes.<\/p>\n<p>Lors d&rsquo;un office ECK, vous avez toujours du temps pour faire l&rsquo;exp\u00e9rience de la Lumi\u00e8re et du Son de Dieu en chantant HU et durant la courte contemplation qui suit.<\/p>\n<p>Chaque personne peut d\u00e9cider librement de participer activement ou silencieusement.<\/p>\n<p>&nbsp;<\/p>\n\t<h3><img loading=\"lazy\" decoding=\"async\" src=\"https:\/\/testenv.eckankar.ch\/wp-content\/uploads\/2024\/05\/gespraech2-1de-300x300.png\" alt=\"\" width=\"405\" height=\"405\" \/>Discussions spirituelles sur un th\u00e8me ou un livre<\/h3>\n<p>&nbsp;<\/p>\n<p>Explorez vos questions spirituelles les plus profondes avec d&rsquo;autres chercheurs de v\u00e9rit\u00e9 dans une atmosph\u00e8re amicale et d\u00e9tendue.<\/p>\n<p>Ces discussions approfondies couvrent un large \u00e9ventail de sujets. Des outils et des techniques issus des enseignements ECK sont pr\u00e9sent\u00e9s pour vous aider \u00e0 faire le prochain pas vers la r\u00e9alisation de vos r\u00eaves spirituels.<\/p>\n<p>Que vous souhaitiez partager vos id\u00e9es ou simplement \u00e9couter, ces discussions d&rsquo;une heure \u00e0 une heure et demie offrent toujours quelque chose de nouveau \u00e0 explorer.<\/p>\n\t<h3><img loading=\"lazy\" decoding=\"async\" src=\"https:\/\/testenv.eckankar.ch\/wp-content\/uploads\/2024\/05\/Easy-Way-Icon-Web-1-300x300.jpg\" alt=\"\" width=\"444\" height=\"444\"\/>\u00ab\u00a0La voie facile\u00a0\u00bb &#8211; un cours d&rsquo;\u00e9tudes spirituelles pour l&rsquo;exploration de soi.<\/h3>\n<p>&nbsp;<\/p>\n<p>\u00ab\u00a0La voie facile\u00a0\u00bb est le premier cours d&rsquo;\u00e9tudes spirituelles sur l&rsquo;exploration de soi pour les membres d&rsquo;ECKANKAR. Il propose des suggestions pour percevoir la vie d&rsquo;un point de vue spirituel plus \u00e9lev\u00e9 et viser de nouveaux objectifs. <\/p>\n<p>Ce cours d&rsquo;auto-apprentissage comprend douze le\u00e7ons mensuelles avec des th\u00e8mes inspirants et des exercices spirituels. Il est \u00e9galement disponible en ligne et comprend, dans sa version originale anglaise, des activit\u00e9s de cahier d&rsquo;exercices et des extraits audio de conf\u00e9rences donn\u00e9es par Harold Klemp. <\/p>\n<p>Le cours aborde des sujets tels que:<\/p>\n<ul>\n<li>En tant qu&rsquo;\u00c2me, vous \u00eates libre<\/li>\n<li>La r\u00e9incarnation ou la raison pour laquelle vous \u00eates revenu sur terre<\/li>\n<li>Pouvons-nous vivre dans un monde sans amour ?<\/li>\n<li>Les mondes de Dieu o\u00f9 nul ne s&rsquo;est jamais avantur\u00e9<\/li>\n<\/ul>\n<p>et bien plus encore.<\/p>\n<p><a href=\"https:\/\/testenv.eckankar.ch\/fr\/chemin-facile\/\">En savoir plus sur le cours \u00ab\u00a0La voie facile\u00a0\u00bb<\/a><\/p>\n\t<h3><img loading=\"lazy\" decoding=\"async\" src=\"https:\/\/testenv.eckankar.ch\/wp-content\/uploads\/2024\/04\/seminar-300x300.png\" alt=\"\" width=\"481\" height=\"481\"\/>Congr\u00e8s ECK de l&rsquo;aventure de l&rsquo;\u00c2me<\/h3>\n<p>&nbsp;<\/p>\n<p>Un congr\u00e8s ECK de l&rsquo;aventure de l&rsquo;\u00c2me peut vous aider \u00e0 d\u00e9couvrir vos capacit\u00e9s et vos talents spirituels afin d&rsquo;avancer dans la vie avec plus d&rsquo;aisance.<\/p>\n<p>Assistez \u00e0 des causeries des spectacles musicaux, participez \u00e0 des ateliers, des pr\u00e9sentations, et bien plus encore. Vous rencontrerez \u00e9galement une communaut\u00e9 de personnes partageant les m\u00eames int\u00e9r\u00eats, respectant la libert\u00e9 spirituelle et aimant la v\u00e9rit\u00e9. Apprenez-en plus sur votre voyage de retour aupr\u00e8s de Dieu !  <\/p>\n<p>&nbsp;<\/p>\n\n","protected":false},"excerpt":{"rendered":"<p>Le Son de l&rsquo;\u00c2me &nbsp; Vous \u00eates invit\u00e9 \u00e0 faire l&rsquo;exp\u00e9rience du pouvoir transformateur de HU. HU est un mantra sacr\u00e9 &#8211; le son derri\u00e8re tous les sons. HU est un nom ancien pour Dieu et un vecteur d&rsquo;amour entre Dieu et vous en tant qu&rsquo;\u00c2me. Chanter HU peut vous apporter la gu\u00e9rison du corps&hellip;<\/p>\n","protected":false},"author":4,"featured_media":0,"parent":0,"menu_order":0,"comment_status":"closed","ping_status":"closed","template":"","meta":{"_lmt_disableupdate":"","_lmt_disable":"","footnotes":""},"class_list":["post-10625","page","type-page","status-publish","hentry"],"yoast_head":"<!-- This site is optimized with the Yoast SEO plugin v27.4 - https:\/\/yoast.com\/product\/yoast-seo-wordpress\/ -->\n<title>Types d&#039;\u00e9v\u00e9nements - Eckankar in Switzerland<\/title>\n<meta name=\"robots\" content=\"index, follow, max-snippet:-1, max-image-preview:large, max-video-preview:-1\" \/>\n<link rel=\"canonical\" href=\"https:\/\/testenv.eckankar.ch\/fr\/types-devenements\/\" \/>\n<meta property=\"og:locale\" content=\"fr_FR\" \/>\n<meta property=\"og:type\" content=\"article\" \/>\n<meta property=\"og:title\" content=\"Types d&#039;\u00e9v\u00e9nements - Eckankar in Switzerland\" \/>\n<meta property=\"og:description\" content=\"Le Son de l&rsquo;\u00c2me &nbsp; Vous \u00eates invit\u00e9 \u00e0 faire l&rsquo;exp\u00e9rience du pouvoir transformateur de HU. HU est un mantra sacr\u00e9 &#8211; le son derri\u00e8re tous les sons. HU est un nom ancien pour Dieu et un vecteur d&rsquo;amour entre Dieu et vous en tant qu&rsquo;\u00c2me. Chanter HU peut vous apporter la gu\u00e9rison du corps&hellip;\" \/>\n<meta property=\"og:url\" content=\"https:\/\/testenv.eckankar.ch\/fr\/types-devenements\/\" \/>\n<meta property=\"og:site_name\" content=\"Eckankar in Switzerland\" \/>\n<meta property=\"article:modified_time\" content=\"2026-03-24T14:41:31+00:00\" \/>\n<meta property=\"og:image\" content=\"https:\/\/testenv.eckankar.ch\/wp-content\/uploads\/2024\/05\/HU-Icon_small-300x293.jpg\" \/>\n<meta name=\"twitter:card\" content=\"summary_large_image\" \/>\n<meta name=\"twitter:label1\" content=\"Dur\u00e9e de lecture estim\u00e9e\" \/>\n\t<meta name=\"twitter:data1\" content=\"3 minutes\" \/>\n<script type=\"application\/ld+json\" class=\"yoast-schema-graph\">{\"@context\":\"https:\\\/\\\/schema.org\",\"@graph\":[{\"@type\":\"WebPage\",\"@id\":\"https:\\\/\\\/testenv.eckankar.ch\\\/fr\\\/types-devenements\\\/\",\"url\":\"https:\\\/\\\/testenv.eckankar.ch\\\/fr\\\/types-devenements\\\/\",\"name\":\"Types d'\u00e9v\u00e9nements - Eckankar in Switzerland\",\"isPartOf\":{\"@id\":\"https:\\\/\\\/testenv.eckankar.ch\\\/fr\\\/#website\"},\"primaryImageOfPage\":{\"@id\":\"https:\\\/\\\/testenv.eckankar.ch\\\/fr\\\/types-devenements\\\/#primaryimage\"},\"image\":{\"@id\":\"https:\\\/\\\/testenv.eckankar.ch\\\/fr\\\/types-devenements\\\/#primaryimage\"},\"thumbnailUrl\":\"https:\\\/\\\/testenv.eckankar.ch\\\/wp-content\\\/uploads\\\/2024\\\/05\\\/HU-Icon_small-300x293.jpg\",\"datePublished\":\"2023-10-04T06:36:12+00:00\",\"dateModified\":\"2026-03-24T14:41:31+00:00\",\"breadcrumb\":{\"@id\":\"https:\\\/\\\/testenv.eckankar.ch\\\/fr\\\/types-devenements\\\/#breadcrumb\"},\"inLanguage\":\"fr-FR\",\"potentialAction\":[{\"@type\":\"ReadAction\",\"target\":[\"https:\\\/\\\/testenv.eckankar.ch\\\/fr\\\/types-devenements\\\/\"]}]},{\"@type\":\"ImageObject\",\"inLanguage\":\"fr-FR\",\"@id\":\"https:\\\/\\\/testenv.eckankar.ch\\\/fr\\\/types-devenements\\\/#primaryimage\",\"url\":\"https:\\\/\\\/testenv.eckankar.ch\\\/wp-content\\\/uploads\\\/2024\\\/05\\\/HU-Icon_small-300x293.jpg\",\"contentUrl\":\"https:\\\/\\\/testenv.eckankar.ch\\\/wp-content\\\/uploads\\\/2024\\\/05\\\/HU-Icon_small-300x293.jpg\"},{\"@type\":\"BreadcrumbList\",\"@id\":\"https:\\\/\\\/testenv.eckankar.ch\\\/fr\\\/types-devenements\\\/#breadcrumb\",\"itemListElement\":[{\"@type\":\"ListItem\",\"position\":1,\"name\":\"Home\",\"item\":\"https:\\\/\\\/testenv.eckankar.ch\\\/fr\\\/\"},{\"@type\":\"ListItem\",\"position\":2,\"name\":\"Types d&rsquo;\u00e9v\u00e9nements\"}]},{\"@type\":\"WebSite\",\"@id\":\"https:\\\/\\\/testenv.eckankar.ch\\\/fr\\\/#website\",\"url\":\"https:\\\/\\\/testenv.eckankar.ch\\\/fr\\\/\",\"name\":\"Eckankar in Switzerland\",\"description\":\"The path of Spiritual Freedom\",\"publisher\":{\"@id\":\"https:\\\/\\\/testenv.eckankar.ch\\\/fr\\\/#organization\"},\"potentialAction\":[{\"@type\":\"SearchAction\",\"target\":{\"@type\":\"EntryPoint\",\"urlTemplate\":\"https:\\\/\\\/testenv.eckankar.ch\\\/fr\\\/?s={search_term_string}\"},\"query-input\":{\"@type\":\"PropertyValueSpecification\",\"valueRequired\":true,\"valueName\":\"search_term_string\"}}],\"inLanguage\":\"fr-FR\"},{\"@type\":\"Organization\",\"@id\":\"https:\\\/\\\/testenv.eckankar.ch\\\/fr\\\/#organization\",\"name\":\"Eckankar\",\"url\":\"https:\\\/\\\/testenv.eckankar.ch\\\/fr\\\/\",\"logo\":{\"@type\":\"ImageObject\",\"inLanguage\":\"fr-FR\",\"@id\":\"https:\\\/\\\/testenv.eckankar.ch\\\/fr\\\/#\\\/schema\\\/logo\\\/image\\\/\",\"url\":\"https:\\\/\\\/testenv.eckankar.ch\\\/wp-content\\\/uploads\\\/2018\\\/05\\\/logo_en.png\",\"contentUrl\":\"https:\\\/\\\/testenv.eckankar.ch\\\/wp-content\\\/uploads\\\/2018\\\/05\\\/logo_en.png\",\"width\":288,\"height\":100,\"caption\":\"Eckankar\"},\"image\":{\"@id\":\"https:\\\/\\\/testenv.eckankar.ch\\\/fr\\\/#\\\/schema\\\/logo\\\/image\\\/\"}}]}<\/script>\n<!-- \/ Yoast SEO plugin. -->","yoast_head_json":{"title":"Types d'\u00e9v\u00e9nements - Eckankar in Switzerland","robots":{"index":"index","follow":"follow","max-snippet":"max-snippet:-1","max-image-preview":"max-image-preview:large","max-video-preview":"max-video-preview:-1"},"canonical":"https:\/\/testenv.eckankar.ch\/fr\/types-devenements\/","og_locale":"fr_FR","og_type":"article","og_title":"Types d'\u00e9v\u00e9nements - Eckankar in Switzerland","og_description":"Le Son de l&rsquo;\u00c2me &nbsp; Vous \u00eates invit\u00e9 \u00e0 faire l&rsquo;exp\u00e9rience du pouvoir transformateur de HU. HU est un mantra sacr\u00e9 &#8211; le son derri\u00e8re tous les sons. HU est un nom ancien pour Dieu et un vecteur d&rsquo;amour entre Dieu et vous en tant qu&rsquo;\u00c2me. Chanter HU peut vous apporter la gu\u00e9rison du corps&hellip;","og_url":"https:\/\/testenv.eckankar.ch\/fr\/types-devenements\/","og_site_name":"Eckankar in Switzerland","article_modified_time":"2026-03-24T14:41:31+00:00","og_image":[{"url":"https:\/\/testenv.eckankar.ch\/wp-content\/uploads\/2024\/05\/HU-Icon_small-300x293.jpg","type":"","width":"","height":""}],"twitter_card":"summary_large_image","twitter_misc":{"Dur\u00e9e de lecture estim\u00e9e":"3 minutes"},"schema":{"@context":"https:\/\/schema.org","@graph":[{"@type":"WebPage","@id":"https:\/\/testenv.eckankar.ch\/fr\/types-devenements\/","url":"https:\/\/testenv.eckankar.ch\/fr\/types-devenements\/","name":"Types d'\u00e9v\u00e9nements - Eckankar in Switzerland","isPartOf":{"@id":"https:\/\/testenv.eckankar.ch\/fr\/#website"},"primaryImageOfPage":{"@id":"https:\/\/testenv.eckankar.ch\/fr\/types-devenements\/#primaryimage"},"image":{"@id":"https:\/\/testenv.eckankar.ch\/fr\/types-devenements\/#primaryimage"},"thumbnailUrl":"https:\/\/testenv.eckankar.ch\/wp-content\/uploads\/2024\/05\/HU-Icon_small-300x293.jpg","datePublished":"2023-10-04T06:36:12+00:00","dateModified":"2026-03-24T14:41:31+00:00","breadcrumb":{"@id":"https:\/\/testenv.eckankar.ch\/fr\/types-devenements\/#breadcrumb"},"inLanguage":"fr-FR","potentialAction":[{"@type":"ReadAction","target":["https:\/\/testenv.eckankar.ch\/fr\/types-devenements\/"]}]},{"@type":"ImageObject","inLanguage":"fr-FR","@id":"https:\/\/testenv.eckankar.ch\/fr\/types-devenements\/#primaryimage","url":"https:\/\/testenv.eckankar.ch\/wp-content\/uploads\/2024\/05\/HU-Icon_small-300x293.jpg","contentUrl":"https:\/\/testenv.eckankar.ch\/wp-content\/uploads\/2024\/05\/HU-Icon_small-300x293.jpg"},{"@type":"BreadcrumbList","@id":"https:\/\/testenv.eckankar.ch\/fr\/types-devenements\/#breadcrumb","itemListElement":[{"@type":"ListItem","position":1,"name":"Home","item":"https:\/\/testenv.eckankar.ch\/fr\/"},{"@type":"ListItem","position":2,"name":"Types d&rsquo;\u00e9v\u00e9nements"}]},{"@type":"WebSite","@id":"https:\/\/testenv.eckankar.ch\/fr\/#website","url":"https:\/\/testenv.eckankar.ch\/fr\/","name":"Eckankar in Switzerland","description":"The path of Spiritual Freedom","publisher":{"@id":"https:\/\/testenv.eckankar.ch\/fr\/#organization"},"potentialAction":[{"@type":"SearchAction","target":{"@type":"EntryPoint","urlTemplate":"https:\/\/testenv.eckankar.ch\/fr\/?s={search_term_string}"},"query-input":{"@type":"PropertyValueSpecification","valueRequired":true,"valueName":"search_term_string"}}],"inLanguage":"fr-FR"},{"@type":"Organization","@id":"https:\/\/testenv.eckankar.ch\/fr\/#organization","name":"Eckankar","url":"https:\/\/testenv.eckankar.ch\/fr\/","logo":{"@type":"ImageObject","inLanguage":"fr-FR","@id":"https:\/\/testenv.eckankar.ch\/fr\/#\/schema\/logo\/image\/","url":"https:\/\/testenv.eckankar.ch\/wp-content\/uploads\/2018\/05\/logo_en.png","contentUrl":"https:\/\/testenv.eckankar.ch\/wp-content\/uploads\/2018\/05\/logo_en.png","width":288,"height":100,"caption":"Eckankar"},"image":{"@id":"https:\/\/testenv.eckankar.ch\/fr\/#\/schema\/logo\/image\/"}}]}},"_links":{"self":[{"href":"https:\/\/testenv.eckankar.ch\/fr\/wp-json\/wp\/v2\/pages\/10625","targetHints":{"allow":["GET"]}}],"collection":[{"href":"https:\/\/testenv.eckankar.ch\/fr\/wp-json\/wp\/v2\/pages"}],"about":[{"href":"https:\/\/testenv.eckankar.ch\/fr\/wp-json\/wp\/v2\/types\/page"}],"author":[{"embeddable":true,"href":"https:\/\/testenv.eckankar.ch\/fr\/wp-json\/wp\/v2\/users\/4"}],"replies":[{"embeddable":true,"href":"https:\/\/testenv.eckankar.ch\/fr\/wp-json\/wp\/v2\/comments?post=10625"}],"version-history":[{"count":7,"href":"https:\/\/testenv.eckankar.ch\/fr\/wp-json\/wp\/v2\/pages\/10625\/revisions"}],"predecessor-version":[{"id":12088,"href":"https:\/\/testenv.eckankar.ch\/fr\/wp-json\/wp\/v2\/pages\/10625\/revisions\/12088"}],"wp:attachment":[{"href":"https:\/\/testenv.eckankar.ch\/fr\/wp-json\/wp\/v2\/media?parent=10625"}],"curies":[{"name":"wp","href":"https:\/\/api.w.org\/{rel}","templated":true}]}}