{"id":10653,"date":"2018-10-16T18:54:12","date_gmt":"2018-10-16T16:54:12","guid":{"rendered":"https:\/\/2020.eckankar.ch\/contact\/"},"modified":"2025-09-04T11:42:44","modified_gmt":"2025-09-04T09:42:44","slug":"contact","status":"publish","type":"page","link":"https:\/\/testenv.eckankar.ch\/fr\/contact\/","title":{"rendered":"Contact"},"content":{"rendered":"\n\n\t<h3>Contact et informations<\/h3>\n<p>Nous nous ferons un plaisir de vous envoyer de la documentation gratuite et sans engagement.<\/p>\n<p>Nous traitons vos donn\u00e9es de mani\u00e8re strictement confidentielle et ne les transmettons en aucun cas.<\/p>\n\t<div class=\"wpforms-container wpforms-container-full\" id=\"wpforms-10912\"><form id=\"wpforms-form-10912\" class=\"wpforms-validate wpforms-form\" data-formid=\"10912\" method=\"post\" enctype=\"multipart\/form-data\" action=\"\/fr\/wp-json\/wp\/v2\/pages\/10653\" data-token=\"ebf20bb0ebd0b18ef6cac7b61449cada\" data-token-time=\"1777277744\"><noscript class=\"wpforms-error-noscript\">Veuillez activer JavaScript dans votre navigateur pour remplir ce formulaire.<\/noscript><div class=\"wpforms-field-container\"><div id=\"wpforms-10912-field_2-container\" class=\"wpforms-field wpforms-field-name\" data-field-id=\"2\"><label class=\"wpforms-field-label\" for=\"wpforms-10912-field_2\">Nom <span class=\"wpforms-required-label\">*<\/span><\/label><div class=\"wpforms-field-row wpforms-field-large\"><div class=\"wpforms-field-row-block wpforms-first wpforms-one-half\"><input type=\"text\" id=\"wpforms-10912-field_2\" class=\"wpforms-field-name-first wpforms-field-required\" name=\"wpforms[fields][2][first]\" placeholder=\"Pr\u00e9nom\" required><label for=\"wpforms-10912-field_2\" class=\"wpforms-field-sublabel after wpforms-sublabel-hide\">Vorname<\/label><\/div><div class=\"wpforms-field-row-block wpforms-one-half\"><input type=\"text\" id=\"wpforms-10912-field_2-last\" class=\"wpforms-field-name-last wpforms-field-required\" name=\"wpforms[fields][2][last]\" placeholder=\"Nom\" required><label for=\"wpforms-10912-field_2-last\" class=\"wpforms-field-sublabel after wpforms-sublabel-hide\">Nachname<\/label><\/div><\/div><\/div><div id=\"wpforms-10912-field_13-container\" class=\"wpforms-field wpforms-field-email\" data-field-id=\"13\"><label class=\"wpforms-field-label\" for=\"wpforms-10912-field_13\">Email <span class=\"wpforms-required-label\">*<\/span><\/label><input type=\"email\" id=\"wpforms-10912-field_13\" class=\"wpforms-field-large wpforms-field-required\" name=\"wpforms[fields][13]\" spellcheck=\"false\" required><\/div><div id=\"wpforms-10912-field_20-container\" class=\"wpforms-field wpforms-field-textarea\" data-field-id=\"20\"><label class=\"wpforms-field-label\" for=\"wpforms-10912-field_20\">Votre message <span class=\"wpforms-required-label\">*<\/span><\/label><textarea id=\"wpforms-10912-field_20\" class=\"wpforms-field-medium wpforms-field-required\" name=\"wpforms[fields][20]\" required><\/textarea><\/div><\/div><!-- .wpforms-field-container --><div class=\"wpforms-recaptcha-container wpforms-is-recaptcha wpforms-is-recaptcha-type-v2\" ><div class=\"g-recaptcha\" data-sitekey=\"6LdyX9QZAAAAAICQh7M2DMPPWKCvRYOF94AkC_08\"><\/div><input type=\"text\" name=\"g-recaptcha-hidden\" class=\"wpforms-recaptcha-hidden\" style=\"position:absolute!important;clip:rect(0,0,0,0)!important;height:1px!important;width:1px!important;border:0!important;overflow:hidden!important;padding:0!important;margin:0!important;\" data-rule-recaptcha=\"1\"><\/div><div class=\"wpforms-submit-container\" ><input type=\"hidden\" name=\"wpforms[id]\" value=\"10912\"><input type=\"hidden\" name=\"page_title\" value=\"\"><input type=\"hidden\" name=\"page_url\" value=\"https:\/\/testenv.eckankar.ch\/fr\/wp-json\/wp\/v2\/pages\/10653\"><input type=\"hidden\" name=\"url_referer\" value=\"\"><button type=\"submit\" name=\"wpforms[submit]\" id=\"wpforms-submit-10912\" class=\"wpforms-submit\" data-alt-text=\"Sending...\" data-submit-text=\"Envoyer\" aria-live=\"assertive\" value=\"wpforms-submit\">Envoyer<\/button><\/div><\/form><\/div>  <!-- .wpforms-container -->\n\t<p>J&rsquo;accepte que ces donn\u00e9es soient collect\u00e9es et trait\u00e9es conform\u00e9ment \u00e0 la <a href=\"https:\/\/testenv.eckankar.ch\/datenschutzbestimmung\/\" target=\"_blank\" rel=\"noopener\">politique de confidentialit\u00e9 de<\/a> ce site.<\/p>\n\t<strong>Soci\u00e9t\u00e9 Eckankar Suisse<\/strong><br \/>\nKurvenstrasse 17<br \/>\n8006 Zurich\n<p>+41 44 350 60 90<\/p>\n<p>info@eckankar.ch<\/p>\n<p><strong>www.eckankar.ch<\/strong><\/p>\n\n","protected":false},"excerpt":{"rendered":"<p>Contact et informations Nous nous ferons un plaisir de vous envoyer de la documentation gratuite et sans engagement. Nous traitons vos donn\u00e9es de mani\u00e8re strictement confidentielle et ne les transmettons en aucun cas. J&rsquo;accepte que ces donn\u00e9es soient collect\u00e9es et trait\u00e9es conform\u00e9ment \u00e0 la politique de confidentialit\u00e9 de ce site. Soci\u00e9t\u00e9 Eckankar Suisse Kurvenstrasse 17&hellip;<\/p>\n","protected":false},"author":9,"featured_media":0,"parent":0,"menu_order":0,"comment_status":"closed","ping_status":"closed","template":"","meta":{"_lmt_disableupdate":"","_lmt_disable":"","footnotes":""},"class_list":["post-10653","page","type-page","status-publish","hentry"],"yoast_head":"<!-- This site is optimized with the Yoast SEO plugin v27.4 - https:\/\/yoast.com\/product\/yoast-seo-wordpress\/ -->\n<title>Contact - Eckankar in Switzerland<\/title>\n<meta name=\"robots\" content=\"index, follow, max-snippet:-1, max-image-preview:large, max-video-preview:-1\" \/>\n<link rel=\"canonical\" href=\"https:\/\/testenv.eckankar.ch\/fr\/contact\/\" \/>\n<meta property=\"og:locale\" content=\"fr_FR\" \/>\n<meta property=\"og:type\" content=\"article\" \/>\n<meta property=\"og:title\" content=\"Contact - Eckankar in Switzerland\" \/>\n<meta property=\"og:description\" content=\"Contact et informations Nous nous ferons un plaisir de vous envoyer de la documentation gratuite et sans engagement. Nous traitons vos donn\u00e9es de mani\u00e8re strictement confidentielle et ne les transmettons en aucun cas. J&rsquo;accepte que ces donn\u00e9es soient collect\u00e9es et trait\u00e9es conform\u00e9ment \u00e0 la politique de confidentialit\u00e9 de ce site. Soci\u00e9t\u00e9 Eckankar Suisse Kurvenstrasse 17&hellip;\" \/>\n<meta property=\"og:url\" content=\"https:\/\/testenv.eckankar.ch\/fr\/contact\/\" \/>\n<meta property=\"og:site_name\" content=\"Eckankar in Switzerland\" \/>\n<meta property=\"article:modified_time\" content=\"2025-09-04T09:42:44+00:00\" \/>\n<meta name=\"twitter:card\" content=\"summary_large_image\" \/>\n<script type=\"application\/ld+json\" class=\"yoast-schema-graph\">{\"@context\":\"https:\\\/\\\/schema.org\",\"@graph\":[{\"@type\":\"WebPage\",\"@id\":\"https:\\\/\\\/testenv.eckankar.ch\\\/fr\\\/contact\\\/\",\"url\":\"https:\\\/\\\/testenv.eckankar.ch\\\/fr\\\/contact\\\/\",\"name\":\"Contact - Eckankar in Switzerland\",\"isPartOf\":{\"@id\":\"https:\\\/\\\/testenv.eckankar.ch\\\/fr\\\/#website\"},\"datePublished\":\"2018-10-16T16:54:12+00:00\",\"dateModified\":\"2025-09-04T09:42:44+00:00\",\"breadcrumb\":{\"@id\":\"https:\\\/\\\/testenv.eckankar.ch\\\/fr\\\/contact\\\/#breadcrumb\"},\"inLanguage\":\"fr-FR\",\"potentialAction\":[{\"@type\":\"ReadAction\",\"target\":[\"https:\\\/\\\/testenv.eckankar.ch\\\/fr\\\/contact\\\/\"]}]},{\"@type\":\"BreadcrumbList\",\"@id\":\"https:\\\/\\\/testenv.eckankar.ch\\\/fr\\\/contact\\\/#breadcrumb\",\"itemListElement\":[{\"@type\":\"ListItem\",\"position\":1,\"name\":\"Home\",\"item\":\"https:\\\/\\\/testenv.eckankar.ch\\\/fr\\\/\"},{\"@type\":\"ListItem\",\"position\":2,\"name\":\"Contact\"}]},{\"@type\":\"WebSite\",\"@id\":\"https:\\\/\\\/testenv.eckankar.ch\\\/fr\\\/#website\",\"url\":\"https:\\\/\\\/testenv.eckankar.ch\\\/fr\\\/\",\"name\":\"Eckankar in Switzerland\",\"description\":\"The path of Spiritual Freedom\",\"publisher\":{\"@id\":\"https:\\\/\\\/testenv.eckankar.ch\\\/fr\\\/#organization\"},\"potentialAction\":[{\"@type\":\"SearchAction\",\"target\":{\"@type\":\"EntryPoint\",\"urlTemplate\":\"https:\\\/\\\/testenv.eckankar.ch\\\/fr\\\/?s={search_term_string}\"},\"query-input\":{\"@type\":\"PropertyValueSpecification\",\"valueRequired\":true,\"valueName\":\"search_term_string\"}}],\"inLanguage\":\"fr-FR\"},{\"@type\":\"Organization\",\"@id\":\"https:\\\/\\\/testenv.eckankar.ch\\\/fr\\\/#organization\",\"name\":\"Eckankar\",\"url\":\"https:\\\/\\\/testenv.eckankar.ch\\\/fr\\\/\",\"logo\":{\"@type\":\"ImageObject\",\"inLanguage\":\"fr-FR\",\"@id\":\"https:\\\/\\\/testenv.eckankar.ch\\\/fr\\\/#\\\/schema\\\/logo\\\/image\\\/\",\"url\":\"https:\\\/\\\/testenv.eckankar.ch\\\/wp-content\\\/uploads\\\/2018\\\/05\\\/logo_en.png\",\"contentUrl\":\"https:\\\/\\\/testenv.eckankar.ch\\\/wp-content\\\/uploads\\\/2018\\\/05\\\/logo_en.png\",\"width\":288,\"height\":100,\"caption\":\"Eckankar\"},\"image\":{\"@id\":\"https:\\\/\\\/testenv.eckankar.ch\\\/fr\\\/#\\\/schema\\\/logo\\\/image\\\/\"}}]}<\/script>\n<!-- \/ Yoast SEO plugin. -->","yoast_head_json":{"title":"Contact - Eckankar in Switzerland","robots":{"index":"index","follow":"follow","max-snippet":"max-snippet:-1","max-image-preview":"max-image-preview:large","max-video-preview":"max-video-preview:-1"},"canonical":"https:\/\/testenv.eckankar.ch\/fr\/contact\/","og_locale":"fr_FR","og_type":"article","og_title":"Contact - Eckankar in Switzerland","og_description":"Contact et informations Nous nous ferons un plaisir de vous envoyer de la documentation gratuite et sans engagement. Nous traitons vos donn\u00e9es de mani\u00e8re strictement confidentielle et ne les transmettons en aucun cas. J&rsquo;accepte que ces donn\u00e9es soient collect\u00e9es et trait\u00e9es conform\u00e9ment \u00e0 la politique de confidentialit\u00e9 de ce site. Soci\u00e9t\u00e9 Eckankar Suisse Kurvenstrasse 17&hellip;","og_url":"https:\/\/testenv.eckankar.ch\/fr\/contact\/","og_site_name":"Eckankar in Switzerland","article_modified_time":"2025-09-04T09:42:44+00:00","twitter_card":"summary_large_image","schema":{"@context":"https:\/\/schema.org","@graph":[{"@type":"WebPage","@id":"https:\/\/testenv.eckankar.ch\/fr\/contact\/","url":"https:\/\/testenv.eckankar.ch\/fr\/contact\/","name":"Contact - Eckankar in Switzerland","isPartOf":{"@id":"https:\/\/testenv.eckankar.ch\/fr\/#website"},"datePublished":"2018-10-16T16:54:12+00:00","dateModified":"2025-09-04T09:42:44+00:00","breadcrumb":{"@id":"https:\/\/testenv.eckankar.ch\/fr\/contact\/#breadcrumb"},"inLanguage":"fr-FR","potentialAction":[{"@type":"ReadAction","target":["https:\/\/testenv.eckankar.ch\/fr\/contact\/"]}]},{"@type":"BreadcrumbList","@id":"https:\/\/testenv.eckankar.ch\/fr\/contact\/#breadcrumb","itemListElement":[{"@type":"ListItem","position":1,"name":"Home","item":"https:\/\/testenv.eckankar.ch\/fr\/"},{"@type":"ListItem","position":2,"name":"Contact"}]},{"@type":"WebSite","@id":"https:\/\/testenv.eckankar.ch\/fr\/#website","url":"https:\/\/testenv.eckankar.ch\/fr\/","name":"Eckankar in Switzerland","description":"The path of Spiritual Freedom","publisher":{"@id":"https:\/\/testenv.eckankar.ch\/fr\/#organization"},"potentialAction":[{"@type":"SearchAction","target":{"@type":"EntryPoint","urlTemplate":"https:\/\/testenv.eckankar.ch\/fr\/?s={search_term_string}"},"query-input":{"@type":"PropertyValueSpecification","valueRequired":true,"valueName":"search_term_string"}}],"inLanguage":"fr-FR"},{"@type":"Organization","@id":"https:\/\/testenv.eckankar.ch\/fr\/#organization","name":"Eckankar","url":"https:\/\/testenv.eckankar.ch\/fr\/","logo":{"@type":"ImageObject","inLanguage":"fr-FR","@id":"https:\/\/testenv.eckankar.ch\/fr\/#\/schema\/logo\/image\/","url":"https:\/\/testenv.eckankar.ch\/wp-content\/uploads\/2018\/05\/logo_en.png","contentUrl":"https:\/\/testenv.eckankar.ch\/wp-content\/uploads\/2018\/05\/logo_en.png","width":288,"height":100,"caption":"Eckankar"},"image":{"@id":"https:\/\/testenv.eckankar.ch\/fr\/#\/schema\/logo\/image\/"}}]}},"_links":{"self":[{"href":"https:\/\/testenv.eckankar.ch\/fr\/wp-json\/wp\/v2\/pages\/10653","targetHints":{"allow":["GET"]}}],"collection":[{"href":"https:\/\/testenv.eckankar.ch\/fr\/wp-json\/wp\/v2\/pages"}],"about":[{"href":"https:\/\/testenv.eckankar.ch\/fr\/wp-json\/wp\/v2\/types\/page"}],"author":[{"embeddable":true,"href":"https:\/\/testenv.eckankar.ch\/fr\/wp-json\/wp\/v2\/users\/9"}],"replies":[{"embeddable":true,"href":"https:\/\/testenv.eckankar.ch\/fr\/wp-json\/wp\/v2\/comments?post=10653"}],"version-history":[{"count":2,"href":"https:\/\/testenv.eckankar.ch\/fr\/wp-json\/wp\/v2\/pages\/10653\/revisions"}],"predecessor-version":[{"id":10918,"href":"https:\/\/testenv.eckankar.ch\/fr\/wp-json\/wp\/v2\/pages\/10653\/revisions\/10918"}],"wp:attachment":[{"href":"https:\/\/testenv.eckankar.ch\/fr\/wp-json\/wp\/v2\/media?parent=10653"}],"curies":[{"name":"wp","href":"https:\/\/api.w.org\/{rel}","templated":true}]}}