{"id":10692,"date":"2024-04-30T20:40:30","date_gmt":"2024-04-30T18:40:30","guid":{"rendered":"https:\/\/2020.eckankar.ch\/celebrations-dangle-au-cours-de-la-vie\/"},"modified":"2025-08-28T14:45:09","modified_gmt":"2025-08-28T12:45:09","slug":"celebrations-dangle-au-cours-de-la-vie","status":"publish","type":"page","link":"https:\/\/testenv.eckankar.ch\/fr\/celebrations-dangle-au-cours-de-la-vie\/","title":{"rendered":"Les c\u00e9r\u00e9monies ECK de c\u00e9l\u00e9bration de la vie"},"content":{"rendered":"\n\n\t<h3>C\u00e9r\u00e9monies ECK individuelles de la vie<\/h3>\n<p>&nbsp;<\/p>\n<p>Eckankar propose diff\u00e9rentes c\u00e9l\u00e9brations ECK de la vie : la c\u00e9r\u00e9monie de cons\u00e9cration ECK (bapt\u00eame), le rite de passage ECK (pour les jeunes), la c\u00e9r\u00e9monie du mariage ECK et l&rsquo;office du souvenir ECK \u00e0 la fin de la vie.<\/p>\n<p>Les c\u00e9r\u00e9monies ECK sont \u00e0 la disposition de toutes les personnes qui souhaitent c\u00e9l\u00e9brer ces transitions de vie par une c\u00e9r\u00e9monie \u00e9lev\u00e9e et digne. <br \/>Elles sont gratuites et toute personne, quelle que soit sa confession ou son appartenance \u00e0 Eckankar, peut en b\u00e9n\u00e9ficier.<\/p>\n\t\t\t\t<img decoding=\"async\" src=\"https:\/\/testenv.eckankar.ch\/wp-content\/uploads\/2025\/08\/Les_4_ceremonies_eckankar_380.jpg\" alt=\"Les_4_ceremonies_eckankar_380\" itemprop=\"image\" height=\"606\" width=\"380\" title=\"Les_4_ceremonies_eckankar_380\" onerror=\"this.style.display='none'\" loading=\"lazy\" \/>\n\n","protected":false},"excerpt":{"rendered":"<p>C\u00e9r\u00e9monies ECK individuelles de la vie &nbsp; Eckankar propose diff\u00e9rentes c\u00e9l\u00e9brations ECK de la vie : la c\u00e9r\u00e9monie de cons\u00e9cration ECK (bapt\u00eame), le rite de passage ECK (pour les jeunes), la c\u00e9r\u00e9monie du mariage ECK et l&rsquo;office du souvenir ECK \u00e0 la fin de la vie. Les c\u00e9r\u00e9monies ECK sont \u00e0 la disposition de toutes&hellip;<\/p>\n","protected":false},"author":12,"featured_media":0,"parent":0,"menu_order":0,"comment_status":"closed","ping_status":"closed","template":"","meta":{"_lmt_disableupdate":"","_lmt_disable":"","footnotes":""},"class_list":["post-10692","page","type-page","status-publish","hentry"],"yoast_head":"<!-- This site is optimized with the Yoast SEO plugin v27.5 - https:\/\/yoast.com\/product\/yoast-seo-wordpress\/ -->\n<title>Les c\u00e9r\u00e9monies ECK de c\u00e9l\u00e9bration de la vie - Eckankar in Switzerland<\/title>\n<meta name=\"description\" content=\"Eckankar propose diff\u00e9rentes c\u00e9l\u00e9brations ECK de la vie : la c\u00e9r\u00e9monie de cons\u00e9cration ECK (bapt\u00eame), le rite de passage ECK (pour les jeunes), la c\u00e9r\u00e9monie du mariage ECK et l&#039;office du souvenir ECK \u00e0 la fin de la vie.\" \/>\n<meta name=\"robots\" content=\"index, follow, max-snippet:-1, max-image-preview:large, max-video-preview:-1\" \/>\n<link rel=\"canonical\" href=\"https:\/\/testenv.eckankar.ch\/fr\/celebrations-dangle-au-cours-de-la-vie\/\" \/>\n<meta property=\"og:locale\" content=\"fr_FR\" \/>\n<meta property=\"og:type\" content=\"article\" \/>\n<meta property=\"og:title\" content=\"Les c\u00e9r\u00e9monies ECK de c\u00e9l\u00e9bration de la vie - Eckankar in Switzerland\" \/>\n<meta property=\"og:description\" content=\"Eckankar propose diff\u00e9rentes c\u00e9l\u00e9brations ECK de la vie : la c\u00e9r\u00e9monie de cons\u00e9cration ECK (bapt\u00eame), le rite de passage ECK (pour les jeunes), la c\u00e9r\u00e9monie du mariage ECK et l&#039;office du souvenir ECK \u00e0 la fin de la vie.\" \/>\n<meta property=\"og:url\" content=\"https:\/\/testenv.eckankar.ch\/fr\/celebrations-dangle-au-cours-de-la-vie\/\" \/>\n<meta property=\"og:site_name\" content=\"Eckankar in Switzerland\" \/>\n<meta property=\"article:modified_time\" content=\"2025-08-28T12:45:09+00:00\" \/>\n<meta property=\"og:image\" content=\"https:\/\/testenv.eckankar.ch\/wp-content\/uploads\/2025\/08\/Les_4_ceremonies_eckankar_380.jpg\" \/>\n<meta name=\"twitter:card\" content=\"summary_large_image\" \/>\n<meta name=\"twitter:label1\" content=\"Dur\u00e9e de lecture estim\u00e9e\" \/>\n\t<meta name=\"twitter:data1\" content=\"1 minute\" \/>\n<script type=\"application\/ld+json\" class=\"yoast-schema-graph\">{\"@context\":\"https:\\\/\\\/schema.org\",\"@graph\":[{\"@type\":\"WebPage\",\"@id\":\"https:\\\/\\\/testenv.eckankar.ch\\\/fr\\\/celebrations-dangle-au-cours-de-la-vie\\\/\",\"url\":\"https:\\\/\\\/testenv.eckankar.ch\\\/fr\\\/celebrations-dangle-au-cours-de-la-vie\\\/\",\"name\":\"Les c\u00e9r\u00e9monies ECK de c\u00e9l\u00e9bration de la vie - Eckankar in Switzerland\",\"isPartOf\":{\"@id\":\"https:\\\/\\\/testenv.eckankar.ch\\\/fr\\\/#website\"},\"primaryImageOfPage\":{\"@id\":\"https:\\\/\\\/testenv.eckankar.ch\\\/fr\\\/celebrations-dangle-au-cours-de-la-vie\\\/#primaryimage\"},\"image\":{\"@id\":\"https:\\\/\\\/testenv.eckankar.ch\\\/fr\\\/celebrations-dangle-au-cours-de-la-vie\\\/#primaryimage\"},\"thumbnailUrl\":\"https:\\\/\\\/testenv.eckankar.ch\\\/wp-content\\\/uploads\\\/2025\\\/08\\\/Les_4_ceremonies_eckankar_380.jpg\",\"datePublished\":\"2024-04-30T18:40:30+00:00\",\"dateModified\":\"2025-08-28T12:45:09+00:00\",\"description\":\"Eckankar propose diff\u00e9rentes c\u00e9l\u00e9brations ECK de la vie : la c\u00e9r\u00e9monie de cons\u00e9cration ECK (bapt\u00eame), le rite de passage ECK (pour les jeunes), la c\u00e9r\u00e9monie du mariage ECK et l'office du souvenir ECK \u00e0 la fin de la vie.\",\"breadcrumb\":{\"@id\":\"https:\\\/\\\/testenv.eckankar.ch\\\/fr\\\/celebrations-dangle-au-cours-de-la-vie\\\/#breadcrumb\"},\"inLanguage\":\"fr-FR\",\"potentialAction\":[{\"@type\":\"ReadAction\",\"target\":[\"https:\\\/\\\/testenv.eckankar.ch\\\/fr\\\/celebrations-dangle-au-cours-de-la-vie\\\/\"]}]},{\"@type\":\"ImageObject\",\"inLanguage\":\"fr-FR\",\"@id\":\"https:\\\/\\\/testenv.eckankar.ch\\\/fr\\\/celebrations-dangle-au-cours-de-la-vie\\\/#primaryimage\",\"url\":\"https:\\\/\\\/testenv.eckankar.ch\\\/wp-content\\\/uploads\\\/2025\\\/08\\\/Les_4_ceremonies_eckankar_380.jpg\",\"contentUrl\":\"https:\\\/\\\/testenv.eckankar.ch\\\/wp-content\\\/uploads\\\/2025\\\/08\\\/Les_4_ceremonies_eckankar_380.jpg\"},{\"@type\":\"BreadcrumbList\",\"@id\":\"https:\\\/\\\/testenv.eckankar.ch\\\/fr\\\/celebrations-dangle-au-cours-de-la-vie\\\/#breadcrumb\",\"itemListElement\":[{\"@type\":\"ListItem\",\"position\":1,\"name\":\"Home\",\"item\":\"https:\\\/\\\/testenv.eckankar.ch\\\/fr\\\/\"},{\"@type\":\"ListItem\",\"position\":2,\"name\":\"Les c\u00e9r\u00e9monies ECK de c\u00e9l\u00e9bration de la vie\"}]},{\"@type\":\"WebSite\",\"@id\":\"https:\\\/\\\/testenv.eckankar.ch\\\/fr\\\/#website\",\"url\":\"https:\\\/\\\/testenv.eckankar.ch\\\/fr\\\/\",\"name\":\"Eckankar in Switzerland\",\"description\":\"The path of Spiritual Freedom\",\"publisher\":{\"@id\":\"https:\\\/\\\/testenv.eckankar.ch\\\/fr\\\/#organization\"},\"potentialAction\":[{\"@type\":\"SearchAction\",\"target\":{\"@type\":\"EntryPoint\",\"urlTemplate\":\"https:\\\/\\\/testenv.eckankar.ch\\\/fr\\\/?s={search_term_string}\"},\"query-input\":{\"@type\":\"PropertyValueSpecification\",\"valueRequired\":true,\"valueName\":\"search_term_string\"}}],\"inLanguage\":\"fr-FR\"},{\"@type\":\"Organization\",\"@id\":\"https:\\\/\\\/testenv.eckankar.ch\\\/fr\\\/#organization\",\"name\":\"Eckankar\",\"url\":\"https:\\\/\\\/testenv.eckankar.ch\\\/fr\\\/\",\"logo\":{\"@type\":\"ImageObject\",\"inLanguage\":\"fr-FR\",\"@id\":\"https:\\\/\\\/testenv.eckankar.ch\\\/fr\\\/#\\\/schema\\\/logo\\\/image\\\/\",\"url\":\"https:\\\/\\\/testenv.eckankar.ch\\\/wp-content\\\/uploads\\\/2018\\\/05\\\/logo_en.png\",\"contentUrl\":\"https:\\\/\\\/testenv.eckankar.ch\\\/wp-content\\\/uploads\\\/2018\\\/05\\\/logo_en.png\",\"width\":288,\"height\":100,\"caption\":\"Eckankar\"},\"image\":{\"@id\":\"https:\\\/\\\/testenv.eckankar.ch\\\/fr\\\/#\\\/schema\\\/logo\\\/image\\\/\"}}]}<\/script>\n<!-- \/ Yoast SEO plugin. -->","yoast_head_json":{"title":"Les c\u00e9r\u00e9monies ECK de c\u00e9l\u00e9bration de la vie - Eckankar in Switzerland","description":"Eckankar propose diff\u00e9rentes c\u00e9l\u00e9brations ECK de la vie : la c\u00e9r\u00e9monie de cons\u00e9cration ECK (bapt\u00eame), le rite de passage ECK (pour les jeunes), la c\u00e9r\u00e9monie du mariage ECK et l'office du souvenir ECK \u00e0 la fin de la vie.","robots":{"index":"index","follow":"follow","max-snippet":"max-snippet:-1","max-image-preview":"max-image-preview:large","max-video-preview":"max-video-preview:-1"},"canonical":"https:\/\/testenv.eckankar.ch\/fr\/celebrations-dangle-au-cours-de-la-vie\/","og_locale":"fr_FR","og_type":"article","og_title":"Les c\u00e9r\u00e9monies ECK de c\u00e9l\u00e9bration de la vie - Eckankar in Switzerland","og_description":"Eckankar propose diff\u00e9rentes c\u00e9l\u00e9brations ECK de la vie : la c\u00e9r\u00e9monie de cons\u00e9cration ECK (bapt\u00eame), le rite de passage ECK (pour les jeunes), la c\u00e9r\u00e9monie du mariage ECK et l'office du souvenir ECK \u00e0 la fin de la vie.","og_url":"https:\/\/testenv.eckankar.ch\/fr\/celebrations-dangle-au-cours-de-la-vie\/","og_site_name":"Eckankar in Switzerland","article_modified_time":"2025-08-28T12:45:09+00:00","og_image":[{"url":"https:\/\/testenv.eckankar.ch\/wp-content\/uploads\/2025\/08\/Les_4_ceremonies_eckankar_380.jpg","type":"","width":"","height":""}],"twitter_card":"summary_large_image","twitter_misc":{"Dur\u00e9e de lecture estim\u00e9e":"1 minute"},"schema":{"@context":"https:\/\/schema.org","@graph":[{"@type":"WebPage","@id":"https:\/\/testenv.eckankar.ch\/fr\/celebrations-dangle-au-cours-de-la-vie\/","url":"https:\/\/testenv.eckankar.ch\/fr\/celebrations-dangle-au-cours-de-la-vie\/","name":"Les c\u00e9r\u00e9monies ECK de c\u00e9l\u00e9bration de la vie - Eckankar in Switzerland","isPartOf":{"@id":"https:\/\/testenv.eckankar.ch\/fr\/#website"},"primaryImageOfPage":{"@id":"https:\/\/testenv.eckankar.ch\/fr\/celebrations-dangle-au-cours-de-la-vie\/#primaryimage"},"image":{"@id":"https:\/\/testenv.eckankar.ch\/fr\/celebrations-dangle-au-cours-de-la-vie\/#primaryimage"},"thumbnailUrl":"https:\/\/testenv.eckankar.ch\/wp-content\/uploads\/2025\/08\/Les_4_ceremonies_eckankar_380.jpg","datePublished":"2024-04-30T18:40:30+00:00","dateModified":"2025-08-28T12:45:09+00:00","description":"Eckankar propose diff\u00e9rentes c\u00e9l\u00e9brations ECK de la vie : la c\u00e9r\u00e9monie de cons\u00e9cration ECK (bapt\u00eame), le rite de passage ECK (pour les jeunes), la c\u00e9r\u00e9monie du mariage ECK et l'office du souvenir ECK \u00e0 la fin de la vie.","breadcrumb":{"@id":"https:\/\/testenv.eckankar.ch\/fr\/celebrations-dangle-au-cours-de-la-vie\/#breadcrumb"},"inLanguage":"fr-FR","potentialAction":[{"@type":"ReadAction","target":["https:\/\/testenv.eckankar.ch\/fr\/celebrations-dangle-au-cours-de-la-vie\/"]}]},{"@type":"ImageObject","inLanguage":"fr-FR","@id":"https:\/\/testenv.eckankar.ch\/fr\/celebrations-dangle-au-cours-de-la-vie\/#primaryimage","url":"https:\/\/testenv.eckankar.ch\/wp-content\/uploads\/2025\/08\/Les_4_ceremonies_eckankar_380.jpg","contentUrl":"https:\/\/testenv.eckankar.ch\/wp-content\/uploads\/2025\/08\/Les_4_ceremonies_eckankar_380.jpg"},{"@type":"BreadcrumbList","@id":"https:\/\/testenv.eckankar.ch\/fr\/celebrations-dangle-au-cours-de-la-vie\/#breadcrumb","itemListElement":[{"@type":"ListItem","position":1,"name":"Home","item":"https:\/\/testenv.eckankar.ch\/fr\/"},{"@type":"ListItem","position":2,"name":"Les c\u00e9r\u00e9monies ECK de c\u00e9l\u00e9bration de la vie"}]},{"@type":"WebSite","@id":"https:\/\/testenv.eckankar.ch\/fr\/#website","url":"https:\/\/testenv.eckankar.ch\/fr\/","name":"Eckankar in Switzerland","description":"The path of Spiritual Freedom","publisher":{"@id":"https:\/\/testenv.eckankar.ch\/fr\/#organization"},"potentialAction":[{"@type":"SearchAction","target":{"@type":"EntryPoint","urlTemplate":"https:\/\/testenv.eckankar.ch\/fr\/?s={search_term_string}"},"query-input":{"@type":"PropertyValueSpecification","valueRequired":true,"valueName":"search_term_string"}}],"inLanguage":"fr-FR"},{"@type":"Organization","@id":"https:\/\/testenv.eckankar.ch\/fr\/#organization","name":"Eckankar","url":"https:\/\/testenv.eckankar.ch\/fr\/","logo":{"@type":"ImageObject","inLanguage":"fr-FR","@id":"https:\/\/testenv.eckankar.ch\/fr\/#\/schema\/logo\/image\/","url":"https:\/\/testenv.eckankar.ch\/wp-content\/uploads\/2018\/05\/logo_en.png","contentUrl":"https:\/\/testenv.eckankar.ch\/wp-content\/uploads\/2018\/05\/logo_en.png","width":288,"height":100,"caption":"Eckankar"},"image":{"@id":"https:\/\/testenv.eckankar.ch\/fr\/#\/schema\/logo\/image\/"}}]}},"_links":{"self":[{"href":"https:\/\/testenv.eckankar.ch\/fr\/wp-json\/wp\/v2\/pages\/10692","targetHints":{"allow":["GET"]}}],"collection":[{"href":"https:\/\/testenv.eckankar.ch\/fr\/wp-json\/wp\/v2\/pages"}],"about":[{"href":"https:\/\/testenv.eckankar.ch\/fr\/wp-json\/wp\/v2\/types\/page"}],"author":[{"embeddable":true,"href":"https:\/\/testenv.eckankar.ch\/fr\/wp-json\/wp\/v2\/users\/12"}],"replies":[{"embeddable":true,"href":"https:\/\/testenv.eckankar.ch\/fr\/wp-json\/wp\/v2\/comments?post=10692"}],"version-history":[{"count":4,"href":"https:\/\/testenv.eckankar.ch\/fr\/wp-json\/wp\/v2\/pages\/10692\/revisions"}],"predecessor-version":[{"id":10882,"href":"https:\/\/testenv.eckankar.ch\/fr\/wp-json\/wp\/v2\/pages\/10692\/revisions\/10882"}],"wp:attachment":[{"href":"https:\/\/testenv.eckankar.ch\/fr\/wp-json\/wp\/v2\/media?parent=10692"}],"curies":[{"name":"wp","href":"https:\/\/api.w.org\/{rel}","templated":true}]}}