{"id":11151,"date":"2023-08-03T15:18:21","date_gmt":"2023-08-03T13:18:21","guid":{"rendered":"https:\/\/2020.eckankar.ch\/vita-spirituale-avanzata\/"},"modified":"2025-12-30T17:59:39","modified_gmt":"2025-12-30T16:59:39","slug":"vita-spirituale-avanzata","status":"publish","type":"page","link":"https:\/\/testenv.eckankar.ch\/it\/vita-spirituale-avanzata\/","title":{"rendered":"Vita spirituale avanzata"},"content":{"rendered":"\n\n\t<h3><img loading=\"lazy\" decoding=\"async\" src=\"https:\/\/testenv.eckankar.ch\/wp-content\/uploads\/2023\/08\/Want-to-Go-Deeper-image-300x273.jpg\" alt=\"\" width=\"578\" height=\"526\" \/>Cosa ti aspetta sulla strada di Eckankar<\/h3>\n<p>Eckankar ti offre un programma di studio completo e pluriennale per accedere alla saggezza che \u00e8 in te. Ti permette di intraprendere un&#8217;avventura in continua espansione con esperienze, realizzazioni e cambiamenti profondi. E questo \u00e8 ci\u00f2 che ti aspetta:<\/p>\n<ul>\n<li>Corsi mensili di autoapprendimento (in italiano o in un&#8217;altra lingua), con tecniche spirituali avanzate sul cammino verso la tua dimora spirituale e la connessione con Dio<\/li>\n<li>L&#8217;opportunit\u00e0 di esplorare i corsi in piccoli gruppi di discussione<\/li>\n<li>Articoli e informazioni trimestrali scritti da Harold Klemp, il Maestro ECK vivente e leader spirituale di Eckankar, su argomenti di attualit\u00e0 da una prospettiva spirituale<\/li>\n<li>Iniziazioni spirituali &#8211; Passi essenziali per l&#8217;illuminazione<\/li>\n<li>Una comunit\u00e0 di persone che la stessa disposizione d&#8217;animo, che rispettano la libert\u00e0 spirituale e amano la verit\u00e0<\/li>\n<li>Opportunit\u00e0 di formazione spirituale e di servizio.<\/li>\n<\/ul>\n<h3>Corsi per una vita spirituale avanzata<\/h3>\n<p>Come studente di Eckankar, puoi continuare a crescere spiritualmente e sperimentare ogni anno\u00a0un cambiamento personale attraverso i corsi ECK:<\/p>\n<ul>\n<li>Ogni anno riceverai un nuovo corso ECK per l&#8217;autoapprendimento composto da 12 dispense, in modo da leggere una dispensa al mese.<\/li>\n<li>Ogni dispensa include un esercizio spirituale che puoi provare nel mese corrispondente.<\/li>\n<li>Il titolo del primo corso ECK \u00e8 <a href=\"https:\/\/testenv.eckankar.ch\/it\/in-modo-semplice\/\">&#8220;La via facile&#8221;<\/a>.<\/li>\n<li>Frequentare una classe di studio spirituale (classe ECK Satsang) ti permette di condividere in confidenza le tue esperienze del corso ECK con gli altri partecipanti. Ogni mese viene discussa una delle dodici dispense del rispettivo corso ECK. La classe \u00e8 guidata da uno studente esperto di Eckankar. Spesso le classi seguono un percorso comune di sviluppo spirituale che dura molti anni.<\/li>\n<\/ul>\n<h3>Iscrizione al programma di studio dell&#8217;ECK per il primo anno<\/h3>\n<p>L&#8217;iscrizione al programma ECK \u00e8 valida per un anno. \u00c8 richiesta una donazione di almeno 75 dollari USA all&#8217;anno (\u00e8 necessaria una carta di credito). La validit\u00e0 dell&#8217;iscrizione non si estende automaticamente e deve essere rinnovata attivamente ogni anno.<\/p>\n<p>Ulteriori informazioni e opzioni di registrazione sono disponibili in questo <a href=\"https:\/\/testenv.eckankar.ch\/wp-content\/uploads\/2020\/10\/compressed_German_Mem_Invite_Developed_Country.pdf\">volantino<\/a>.<\/p>\n<p>Puoi iscriverti <a href=\"https:\/\/www.eckankar.org\/membership-start\/\">online<\/a> (\u00e8 richiesta la carta di credito).<\/p>\n<p>Se non hai una carta di credito o non parli inglese, puoi iscriverti utilizzando questo <a href=\"https:\/\/testenv.eckankar.ch\/wp-content\/uploads\/2024\/09\/CH-Easy-Way-2024_-DE-1.pdf\">modulo<\/a> e trasferire la tua donazione in franchi svizzeri su un conto in Svizzera. La tua iscrizione e la tua donazione saranno poi inoltrate da Eckankar Svizzera alla sede centrale di ECKANKAR negli Stati Uniti.<\/p>\n\n","protected":false},"excerpt":{"rendered":"<p>Cosa ti aspetta sulla strada di Eckankar Eckankar ti offre un programma di studio completo e pluriennale per accedere alla saggezza che \u00e8 in te. Ti permette di intraprendere un&#8217;avventura in continua espansione con esperienze, realizzazioni e cambiamenti profondi. E questo \u00e8 ci\u00f2 che ti aspetta: Corsi mensili di autoapprendimento (in italiano o in un&#8217;altra&hellip;<\/p>\n","protected":false},"author":12,"featured_media":0,"parent":0,"menu_order":0,"comment_status":"closed","ping_status":"closed","template":"","meta":{"_lmt_disableupdate":"","_lmt_disable":"","footnotes":""},"class_list":["post-11151","page","type-page","status-publish","hentry"],"yoast_head":"<!-- This site is optimized with the Yoast SEO plugin v27.4 - https:\/\/yoast.com\/product\/yoast-seo-wordpress\/ -->\n<title>Vita spirituale avanzata - Eckankar in Switzerland<\/title>\n<meta name=\"robots\" content=\"index, follow, max-snippet:-1, max-image-preview:large, max-video-preview:-1\" \/>\n<link rel=\"canonical\" href=\"https:\/\/testenv.eckankar.ch\/it\/vita-spirituale-avanzata\/\" \/>\n<meta property=\"og:locale\" content=\"it_IT\" \/>\n<meta property=\"og:type\" content=\"article\" \/>\n<meta property=\"og:title\" content=\"Vita spirituale avanzata - Eckankar in Switzerland\" \/>\n<meta property=\"og:description\" content=\"Cosa ti aspetta sulla strada di Eckankar Eckankar ti offre un programma di studio completo e pluriennale per accedere alla saggezza che \u00e8 in te. Ti permette di intraprendere un&#8217;avventura in continua espansione con esperienze, realizzazioni e cambiamenti profondi. E questo \u00e8 ci\u00f2 che ti aspetta: Corsi mensili di autoapprendimento (in italiano o in un&#8217;altra&hellip;\" \/>\n<meta property=\"og:url\" content=\"https:\/\/testenv.eckankar.ch\/it\/vita-spirituale-avanzata\/\" \/>\n<meta property=\"og:site_name\" content=\"Eckankar in Switzerland\" \/>\n<meta property=\"article:modified_time\" content=\"2025-12-30T16:59:39+00:00\" \/>\n<meta property=\"og:image\" content=\"https:\/\/testenv.eckankar.ch\/wp-content\/uploads\/2023\/08\/Want-to-Go-Deeper-image-300x273.jpg\" \/>\n<meta name=\"twitter:card\" content=\"summary_large_image\" \/>\n<meta name=\"twitter:label1\" content=\"Tempo di lettura stimato\" \/>\n\t<meta name=\"twitter:data1\" content=\"2 minuti\" \/>\n<script type=\"application\/ld+json\" class=\"yoast-schema-graph\">{\"@context\":\"https:\\\/\\\/schema.org\",\"@graph\":[{\"@type\":\"WebPage\",\"@id\":\"https:\\\/\\\/testenv.eckankar.ch\\\/it\\\/vita-spirituale-avanzata\\\/\",\"url\":\"https:\\\/\\\/testenv.eckankar.ch\\\/it\\\/vita-spirituale-avanzata\\\/\",\"name\":\"Vita spirituale avanzata - Eckankar in Switzerland\",\"isPartOf\":{\"@id\":\"https:\\\/\\\/testenv.eckankar.ch\\\/it\\\/#website\"},\"primaryImageOfPage\":{\"@id\":\"https:\\\/\\\/testenv.eckankar.ch\\\/it\\\/vita-spirituale-avanzata\\\/#primaryimage\"},\"image\":{\"@id\":\"https:\\\/\\\/testenv.eckankar.ch\\\/it\\\/vita-spirituale-avanzata\\\/#primaryimage\"},\"thumbnailUrl\":\"https:\\\/\\\/testenv.eckankar.ch\\\/wp-content\\\/uploads\\\/2023\\\/08\\\/Want-to-Go-Deeper-image-300x273.jpg\",\"datePublished\":\"2023-08-03T13:18:21+00:00\",\"dateModified\":\"2025-12-30T16:59:39+00:00\",\"breadcrumb\":{\"@id\":\"https:\\\/\\\/testenv.eckankar.ch\\\/it\\\/vita-spirituale-avanzata\\\/#breadcrumb\"},\"inLanguage\":\"it-IT\",\"potentialAction\":[{\"@type\":\"ReadAction\",\"target\":[\"https:\\\/\\\/testenv.eckankar.ch\\\/it\\\/vita-spirituale-avanzata\\\/\"]}]},{\"@type\":\"ImageObject\",\"inLanguage\":\"it-IT\",\"@id\":\"https:\\\/\\\/testenv.eckankar.ch\\\/it\\\/vita-spirituale-avanzata\\\/#primaryimage\",\"url\":\"https:\\\/\\\/testenv.eckankar.ch\\\/wp-content\\\/uploads\\\/2023\\\/08\\\/Want-to-Go-Deeper-image-300x273.jpg\",\"contentUrl\":\"https:\\\/\\\/testenv.eckankar.ch\\\/wp-content\\\/uploads\\\/2023\\\/08\\\/Want-to-Go-Deeper-image-300x273.jpg\"},{\"@type\":\"BreadcrumbList\",\"@id\":\"https:\\\/\\\/testenv.eckankar.ch\\\/it\\\/vita-spirituale-avanzata\\\/#breadcrumb\",\"itemListElement\":[{\"@type\":\"ListItem\",\"position\":1,\"name\":\"Home\",\"item\":\"https:\\\/\\\/testenv.eckankar.ch\\\/it\\\/\"},{\"@type\":\"ListItem\",\"position\":2,\"name\":\"Vita spirituale avanzata\"}]},{\"@type\":\"WebSite\",\"@id\":\"https:\\\/\\\/testenv.eckankar.ch\\\/it\\\/#website\",\"url\":\"https:\\\/\\\/testenv.eckankar.ch\\\/it\\\/\",\"name\":\"Eckankar in Switzerland\",\"description\":\"The path of Spiritual Freedom\",\"publisher\":{\"@id\":\"https:\\\/\\\/testenv.eckankar.ch\\\/it\\\/#organization\"},\"potentialAction\":[{\"@type\":\"SearchAction\",\"target\":{\"@type\":\"EntryPoint\",\"urlTemplate\":\"https:\\\/\\\/testenv.eckankar.ch\\\/it\\\/?s={search_term_string}\"},\"query-input\":{\"@type\":\"PropertyValueSpecification\",\"valueRequired\":true,\"valueName\":\"search_term_string\"}}],\"inLanguage\":\"it-IT\"},{\"@type\":\"Organization\",\"@id\":\"https:\\\/\\\/testenv.eckankar.ch\\\/it\\\/#organization\",\"name\":\"Eckankar\",\"url\":\"https:\\\/\\\/testenv.eckankar.ch\\\/it\\\/\",\"logo\":{\"@type\":\"ImageObject\",\"inLanguage\":\"it-IT\",\"@id\":\"https:\\\/\\\/testenv.eckankar.ch\\\/it\\\/#\\\/schema\\\/logo\\\/image\\\/\",\"url\":\"https:\\\/\\\/testenv.eckankar.ch\\\/wp-content\\\/uploads\\\/2018\\\/05\\\/logo_en.png\",\"contentUrl\":\"https:\\\/\\\/testenv.eckankar.ch\\\/wp-content\\\/uploads\\\/2018\\\/05\\\/logo_en.png\",\"width\":288,\"height\":100,\"caption\":\"Eckankar\"},\"image\":{\"@id\":\"https:\\\/\\\/testenv.eckankar.ch\\\/it\\\/#\\\/schema\\\/logo\\\/image\\\/\"}}]}<\/script>\n<!-- \/ Yoast SEO plugin. -->","yoast_head_json":{"title":"Vita spirituale avanzata - Eckankar in Switzerland","robots":{"index":"index","follow":"follow","max-snippet":"max-snippet:-1","max-image-preview":"max-image-preview:large","max-video-preview":"max-video-preview:-1"},"canonical":"https:\/\/testenv.eckankar.ch\/it\/vita-spirituale-avanzata\/","og_locale":"it_IT","og_type":"article","og_title":"Vita spirituale avanzata - Eckankar in Switzerland","og_description":"Cosa ti aspetta sulla strada di Eckankar Eckankar ti offre un programma di studio completo e pluriennale per accedere alla saggezza che \u00e8 in te. Ti permette di intraprendere un&#8217;avventura in continua espansione con esperienze, realizzazioni e cambiamenti profondi. E questo \u00e8 ci\u00f2 che ti aspetta: Corsi mensili di autoapprendimento (in italiano o in un&#8217;altra&hellip;","og_url":"https:\/\/testenv.eckankar.ch\/it\/vita-spirituale-avanzata\/","og_site_name":"Eckankar in Switzerland","article_modified_time":"2025-12-30T16:59:39+00:00","og_image":[{"url":"https:\/\/testenv.eckankar.ch\/wp-content\/uploads\/2023\/08\/Want-to-Go-Deeper-image-300x273.jpg","type":"","width":"","height":""}],"twitter_card":"summary_large_image","twitter_misc":{"Tempo di lettura stimato":"2 minuti"},"schema":{"@context":"https:\/\/schema.org","@graph":[{"@type":"WebPage","@id":"https:\/\/testenv.eckankar.ch\/it\/vita-spirituale-avanzata\/","url":"https:\/\/testenv.eckankar.ch\/it\/vita-spirituale-avanzata\/","name":"Vita spirituale avanzata - Eckankar in Switzerland","isPartOf":{"@id":"https:\/\/testenv.eckankar.ch\/it\/#website"},"primaryImageOfPage":{"@id":"https:\/\/testenv.eckankar.ch\/it\/vita-spirituale-avanzata\/#primaryimage"},"image":{"@id":"https:\/\/testenv.eckankar.ch\/it\/vita-spirituale-avanzata\/#primaryimage"},"thumbnailUrl":"https:\/\/testenv.eckankar.ch\/wp-content\/uploads\/2023\/08\/Want-to-Go-Deeper-image-300x273.jpg","datePublished":"2023-08-03T13:18:21+00:00","dateModified":"2025-12-30T16:59:39+00:00","breadcrumb":{"@id":"https:\/\/testenv.eckankar.ch\/it\/vita-spirituale-avanzata\/#breadcrumb"},"inLanguage":"it-IT","potentialAction":[{"@type":"ReadAction","target":["https:\/\/testenv.eckankar.ch\/it\/vita-spirituale-avanzata\/"]}]},{"@type":"ImageObject","inLanguage":"it-IT","@id":"https:\/\/testenv.eckankar.ch\/it\/vita-spirituale-avanzata\/#primaryimage","url":"https:\/\/testenv.eckankar.ch\/wp-content\/uploads\/2023\/08\/Want-to-Go-Deeper-image-300x273.jpg","contentUrl":"https:\/\/testenv.eckankar.ch\/wp-content\/uploads\/2023\/08\/Want-to-Go-Deeper-image-300x273.jpg"},{"@type":"BreadcrumbList","@id":"https:\/\/testenv.eckankar.ch\/it\/vita-spirituale-avanzata\/#breadcrumb","itemListElement":[{"@type":"ListItem","position":1,"name":"Home","item":"https:\/\/testenv.eckankar.ch\/it\/"},{"@type":"ListItem","position":2,"name":"Vita spirituale avanzata"}]},{"@type":"WebSite","@id":"https:\/\/testenv.eckankar.ch\/it\/#website","url":"https:\/\/testenv.eckankar.ch\/it\/","name":"Eckankar in Switzerland","description":"The path of Spiritual Freedom","publisher":{"@id":"https:\/\/testenv.eckankar.ch\/it\/#organization"},"potentialAction":[{"@type":"SearchAction","target":{"@type":"EntryPoint","urlTemplate":"https:\/\/testenv.eckankar.ch\/it\/?s={search_term_string}"},"query-input":{"@type":"PropertyValueSpecification","valueRequired":true,"valueName":"search_term_string"}}],"inLanguage":"it-IT"},{"@type":"Organization","@id":"https:\/\/testenv.eckankar.ch\/it\/#organization","name":"Eckankar","url":"https:\/\/testenv.eckankar.ch\/it\/","logo":{"@type":"ImageObject","inLanguage":"it-IT","@id":"https:\/\/testenv.eckankar.ch\/it\/#\/schema\/logo\/image\/","url":"https:\/\/testenv.eckankar.ch\/wp-content\/uploads\/2018\/05\/logo_en.png","contentUrl":"https:\/\/testenv.eckankar.ch\/wp-content\/uploads\/2018\/05\/logo_en.png","width":288,"height":100,"caption":"Eckankar"},"image":{"@id":"https:\/\/testenv.eckankar.ch\/it\/#\/schema\/logo\/image\/"}}]}},"_links":{"self":[{"href":"https:\/\/testenv.eckankar.ch\/it\/wp-json\/wp\/v2\/pages\/11151","targetHints":{"allow":["GET"]}}],"collection":[{"href":"https:\/\/testenv.eckankar.ch\/it\/wp-json\/wp\/v2\/pages"}],"about":[{"href":"https:\/\/testenv.eckankar.ch\/it\/wp-json\/wp\/v2\/types\/page"}],"author":[{"embeddable":true,"href":"https:\/\/testenv.eckankar.ch\/it\/wp-json\/wp\/v2\/users\/12"}],"replies":[{"embeddable":true,"href":"https:\/\/testenv.eckankar.ch\/it\/wp-json\/wp\/v2\/comments?post=11151"}],"version-history":[{"count":4,"href":"https:\/\/testenv.eckankar.ch\/it\/wp-json\/wp\/v2\/pages\/11151\/revisions"}],"predecessor-version":[{"id":11445,"href":"https:\/\/testenv.eckankar.ch\/it\/wp-json\/wp\/v2\/pages\/11151\/revisions\/11445"}],"wp:attachment":[{"href":"https:\/\/testenv.eckankar.ch\/it\/wp-json\/wp\/v2\/media?parent=11151"}],"curies":[{"name":"wp","href":"https:\/\/api.w.org\/{rel}","templated":true}]}}